{"id":484,"date":"2026-01-24T21:50:03","date_gmt":"2026-01-24T21:50:03","guid":{"rendered":"https:\/\/www.xyrix.de\/?page_id=484"},"modified":"2026-01-27T18:37:13","modified_gmt":"2026-01-27T18:37:13","slug":"484-2","status":"publish","type":"page","link":"https:\/\/www.xyrix.de\/","title":{"rendered":"Soud\u00a7"},"content":{"rendered":"","protected":false},"excerpt":{"rendered":"","protected":false},"author":1,"featured_media":0,"parent":0,"menu_order":0,"comment_status":"closed","ping_status":"closed","template":"blank-2","meta":{"pgc_sgb_lightbox_settings":"","footnotes":""},"class_list":["post-484","page","type-page","status-publish","hentry"],"yoast_head":"<!-- This site is optimized with the Yoast SEO plugin v27.2 - https:\/\/yoast.com\/product\/yoast-seo-wordpress\/ -->\n<title>Soud\u00a7 - Xyrix<\/title>\n<meta name=\"robots\" content=\"index, follow, max-snippet:-1, max-image-preview:large, max-video-preview:-1\" \/>\n<link rel=\"canonical\" href=\"https:\/\/www.xyrix.de\/\" \/>\n<meta property=\"og:locale\" content=\"en_US\" \/>\n<meta property=\"og:type\" content=\"article\" \/>\n<meta property=\"og:title\" content=\"Soud\u00a7 - Xyrix\" \/>\n<meta property=\"og:url\" content=\"https:\/\/www.xyrix.de\/\" \/>\n<meta property=\"og:site_name\" content=\"Xyrix\" \/>\n<meta property=\"article:modified_time\" content=\"2026-01-27T18:37:13+00:00\" \/>\n<meta name=\"twitter:card\" content=\"summary_large_image\" \/>\n<meta name=\"twitter:label1\" content=\"Est. reading time\" \/>\n\t<meta name=\"twitter:data1\" content=\"1 minute\" \/>\n<script type=\"application\/ld+json\" class=\"yoast-schema-graph\">{\"@context\":\"https:\/\/schema.org\",\"@graph\":[{\"@type\":\"WebPage\",\"@id\":\"https:\/\/www.xyrix.de\/\",\"url\":\"https:\/\/www.xyrix.de\/\",\"name\":\"Soud\u00a7 - Xyrix\",\"isPartOf\":{\"@id\":\"https:\/\/www.xyrix.de\/#website\"},\"datePublished\":\"2026-01-24T21:50:03+00:00\",\"dateModified\":\"2026-01-27T18:37:13+00:00\",\"breadcrumb\":{\"@id\":\"https:\/\/www.xyrix.de\/#breadcrumb\"},\"inLanguage\":\"en-US\",\"potentialAction\":[{\"@type\":\"ReadAction\",\"target\":[\"https:\/\/www.xyrix.de\/\"]}]},{\"@type\":\"BreadcrumbList\",\"@id\":\"https:\/\/www.xyrix.de\/#breadcrumb\",\"itemListElement\":[{\"@type\":\"ListItem\",\"position\":1,\"name\":\"Home\",\"item\":\"https:\/\/www.xyrix.de\/\"},{\"@type\":\"ListItem\",\"position\":2,\"name\":\"Soud\u00a7\"}]},{\"@type\":\"WebSite\",\"@id\":\"https:\/\/www.xyrix.de\/#website\",\"url\":\"https:\/\/www.xyrix.de\/\",\"name\":\"Chirurgie \u0160luknov | Komplexn\u00ed P\u00e9\u010de a Estetick\u00e1 Medic\u00edna\",\"description\":\"\",\"publisher\":{\"@id\":\"https:\/\/www.xyrix.de\/#organization\"},\"alternateName\":\"Xyrix\",\"potentialAction\":[{\"@type\":\"SearchAction\",\"target\":{\"@type\":\"EntryPoint\",\"urlTemplate\":\"https:\/\/www.xyrix.de\/?s={search_term_string}\"},\"query-input\":{\"@type\":\"PropertyValueSpecification\",\"valueRequired\":true,\"valueName\":\"search_term_string\"}}],\"inLanguage\":\"en-US\"},{\"@type\":\"Organization\",\"@id\":\"https:\/\/www.xyrix.de\/#organization\",\"name\":\"Xyrix s.r.o.\",\"url\":\"https:\/\/www.xyrix.de\/\",\"logo\":{\"@type\":\"ImageObject\",\"inLanguage\":\"en-US\",\"@id\":\"https:\/\/www.xyrix.de\/#\/schema\/logo\/image\/\",\"url\":\"https:\/\/www.xyrix.de\/wp-content\/uploads\/2025\/06\/logo-1.png\",\"contentUrl\":\"https:\/\/www.xyrix.de\/wp-content\/uploads\/2025\/06\/logo-1.png\",\"width\":196,\"height\":76,\"caption\":\"Xyrix s.r.o.\"},\"image\":{\"@id\":\"https:\/\/www.xyrix.de\/#\/schema\/logo\/image\/\"}}]}<\/script>\n<!-- \/ Yoast SEO plugin. -->","yoast_head_json":{"title":"Soud\u00a7 - Xyrix","robots":{"index":"index","follow":"follow","max-snippet":"max-snippet:-1","max-image-preview":"max-image-preview:large","max-video-preview":"max-video-preview:-1"},"canonical":"https:\/\/www.xyrix.de\/","og_locale":"en_US","og_type":"article","og_title":"Soud\u00a7 - Xyrix","og_url":"https:\/\/www.xyrix.de\/","og_site_name":"Xyrix","article_modified_time":"2026-01-27T18:37:13+00:00","twitter_card":"summary_large_image","twitter_misc":{"Est. reading time":"1 minute"},"schema":{"@context":"https:\/\/schema.org","@graph":[{"@type":"WebPage","@id":"https:\/\/www.xyrix.de\/","url":"https:\/\/www.xyrix.de\/","name":"Soud\u00a7 - Xyrix","isPartOf":{"@id":"https:\/\/www.xyrix.de\/#website"},"datePublished":"2026-01-24T21:50:03+00:00","dateModified":"2026-01-27T18:37:13+00:00","breadcrumb":{"@id":"https:\/\/www.xyrix.de\/#breadcrumb"},"inLanguage":"en-US","potentialAction":[{"@type":"ReadAction","target":["https:\/\/www.xyrix.de\/"]}]},{"@type":"BreadcrumbList","@id":"https:\/\/www.xyrix.de\/#breadcrumb","itemListElement":[{"@type":"ListItem","position":1,"name":"Home","item":"https:\/\/www.xyrix.de\/"},{"@type":"ListItem","position":2,"name":"Soud\u00a7"}]},{"@type":"WebSite","@id":"https:\/\/www.xyrix.de\/#website","url":"https:\/\/www.xyrix.de\/","name":"Chirurgie \u0160luknov | Komplexn\u00ed P\u00e9\u010de a Estetick\u00e1 Medic\u00edna","description":"","publisher":{"@id":"https:\/\/www.xyrix.de\/#organization"},"alternateName":"Xyrix","potentialAction":[{"@type":"SearchAction","target":{"@type":"EntryPoint","urlTemplate":"https:\/\/www.xyrix.de\/?s={search_term_string}"},"query-input":{"@type":"PropertyValueSpecification","valueRequired":true,"valueName":"search_term_string"}}],"inLanguage":"en-US"},{"@type":"Organization","@id":"https:\/\/www.xyrix.de\/#organization","name":"Xyrix s.r.o.","url":"https:\/\/www.xyrix.de\/","logo":{"@type":"ImageObject","inLanguage":"en-US","@id":"https:\/\/www.xyrix.de\/#\/schema\/logo\/image\/","url":"https:\/\/www.xyrix.de\/wp-content\/uploads\/2025\/06\/logo-1.png","contentUrl":"https:\/\/www.xyrix.de\/wp-content\/uploads\/2025\/06\/logo-1.png","width":196,"height":76,"caption":"Xyrix s.r.o."},"image":{"@id":"https:\/\/www.xyrix.de\/#\/schema\/logo\/image\/"}}]}},"_links":{"self":[{"href":"https:\/\/www.xyrix.de\/index.php?rest_route=\/wp\/v2\/pages\/484","targetHints":{"allow":["GET"]}}],"collection":[{"href":"https:\/\/www.xyrix.de\/index.php?rest_route=\/wp\/v2\/pages"}],"about":[{"href":"https:\/\/www.xyrix.de\/index.php?rest_route=\/wp\/v2\/types\/page"}],"author":[{"embeddable":true,"href":"https:\/\/www.xyrix.de\/index.php?rest_route=\/wp\/v2\/users\/1"}],"replies":[{"embeddable":true,"href":"https:\/\/www.xyrix.de\/index.php?rest_route=%2Fwp%2Fv2%2Fcomments&post=484"}],"version-history":[{"count":5,"href":"https:\/\/www.xyrix.de\/index.php?rest_route=\/wp\/v2\/pages\/484\/revisions"}],"predecessor-version":[{"id":494,"href":"https:\/\/www.xyrix.de\/index.php?rest_route=\/wp\/v2\/pages\/484\/revisions\/494"}],"wp:attachment":[{"href":"https:\/\/www.xyrix.de\/index.php?rest_route=%2Fwp%2Fv2%2Fmedia&parent=484"}],"curies":[{"name":"wp","href":"https:\/\/api.w.org\/{rel}","templated":true}]}}